{"id":2783,"date":"2022-08-22T13:33:00","date_gmt":"2022-08-22T20:33:00","guid":{"rendered":"https:\/\/nainaridigital.com\/?page_id=2783"},"modified":"2022-08-22T13:33:03","modified_gmt":"2022-08-22T20:33:03","slug":"se-reparan-zonas-de-hundimientos-y-socavones","status":"publish","type":"page","link":"https:\/\/nainaridigital.com\/index.php\/se-reparan-zonas-de-hundimientos-y-socavones\/","title":{"rendered":"SE REPARAN ZONAS DE HUNDIMIENTOS Y  SOCAVONES"},"content":{"rendered":"\n<p>Claudia Gpe. P\u00e9rez<\/p>\n\n\n\n<p>La red de drenaje en Cajeme registra afectaciones tras las lluvias del fin de semana, al presentarse hundimientos en diversos puntos de la ciudad inform\u00f3 Luis Castro Acosta.<\/p>\n\n\n\n<p>El diagn\u00f3stico del organismo es que el 45%&nbsp; de la red de drenaje est\u00e1 deteriorada con zonas colapsadas, por lo que trabaja en atraer recursos para atender la situaci\u00f3n.<\/p>\n\n\n\n<figure class=\"wp-block-image size-large\"><img loading=\"lazy\" decoding=\"async\" width=\"1024\" height=\"768\" src=\"https:\/\/nainaridigital.com\/wp-content\/uploads\/2022\/08\/WhatsApp-Image-2022-08-22-at-1.26.12-PM-1024x768.jpeg\" alt=\"\" class=\"wp-image-2784\" srcset=\"https:\/\/nainaridigital.com\/wp-content\/uploads\/2022\/08\/WhatsApp-Image-2022-08-22-at-1.26.12-PM-1024x768.jpeg 1024w, https:\/\/nainaridigital.com\/wp-content\/uploads\/2022\/08\/WhatsApp-Image-2022-08-22-at-1.26.12-PM-300x225.jpeg 300w, https:\/\/nainaridigital.com\/wp-content\/uploads\/2022\/08\/WhatsApp-Image-2022-08-22-at-1.26.12-PM-768x576.jpeg 768w, https:\/\/nainaridigital.com\/wp-content\/uploads\/2022\/08\/WhatsApp-Image-2022-08-22-at-1.26.12-PM-1536x1152.jpeg 1536w, https:\/\/nainaridigital.com\/wp-content\/uploads\/2022\/08\/WhatsApp-Image-2022-08-22-at-1.26.12-PM.jpeg 1600w\" sizes=\"auto, (max-width: 1024px) 100vw, 1024px\" \/><\/figure>\n\n\n\n<p>\u201cEstamos realizando gestiones, desde un inicio el alcalde nos dio la instrucci\u00f3n de llevar a cabo estas gestiones ante diversas dependencias, esperemos que en el mes de septiembre o de octubre tengamos buenas noticias\u201d, explic\u00f3, el director de Oomapas de Cajeme<\/p>\n\n\n\n<p>Se trata, record\u00f3, de redes subterr\u00e1neas de m\u00e1s de 70 a\u00f1os.<\/p>\n\n\n\n<figure class=\"wp-block-image size-large\"><img loading=\"lazy\" decoding=\"async\" width=\"1024\" height=\"768\" src=\"https:\/\/nainaridigital.com\/wp-content\/uploads\/2022\/08\/WhatsApp-Image-2022-08-22-at-1.26.14-PM-1024x768.jpeg\" alt=\"\" class=\"wp-image-2786\" srcset=\"https:\/\/nainaridigital.com\/wp-content\/uploads\/2022\/08\/WhatsApp-Image-2022-08-22-at-1.26.14-PM-1024x768.jpeg 1024w, https:\/\/nainaridigital.com\/wp-content\/uploads\/2022\/08\/WhatsApp-Image-2022-08-22-at-1.26.14-PM-300x225.jpeg 300w, https:\/\/nainaridigital.com\/wp-content\/uploads\/2022\/08\/WhatsApp-Image-2022-08-22-at-1.26.14-PM-768x576.jpeg 768w, https:\/\/nainaridigital.com\/wp-content\/uploads\/2022\/08\/WhatsApp-Image-2022-08-22-at-1.26.14-PM-1536x1152.jpeg 1536w, https:\/\/nainaridigital.com\/wp-content\/uploads\/2022\/08\/WhatsApp-Image-2022-08-22-at-1.26.14-PM.jpeg 1600w\" sizes=\"auto, (max-width: 1024px) 100vw, 1024px\" \/><\/figure>\n\n\n\n<p><strong><em><span class=\"has-inline-color has-vivid-green-cyan-color\">ZONAS DE RIESGO<\/span><\/em><\/strong><\/p>\n\n\n\n<p>El Oomapas de Cajeme tiene su atlas de riesgo de la ciudad donde los socavones est\u00e1n presentes.<\/p>\n\n\n\n<p>En la calle N\u00e1inari y Campeche se &nbsp;tiene un hundimiento donde este d\u00eda se trabaja para reparar la zona afectada.<\/p>\n\n\n\n<figure class=\"wp-block-image size-large\"><img loading=\"lazy\" decoding=\"async\" width=\"1024\" height=\"768\" src=\"https:\/\/nainaridigital.com\/wp-content\/uploads\/2022\/08\/WhatsApp-Image-2022-08-22-at-1.26.14-PM-2-1024x768.jpeg\" alt=\"\" class=\"wp-image-2785\" srcset=\"https:\/\/nainaridigital.com\/wp-content\/uploads\/2022\/08\/WhatsApp-Image-2022-08-22-at-1.26.14-PM-2-1024x768.jpeg 1024w, https:\/\/nainaridigital.com\/wp-content\/uploads\/2022\/08\/WhatsApp-Image-2022-08-22-at-1.26.14-PM-2-300x225.jpeg 300w, https:\/\/nainaridigital.com\/wp-content\/uploads\/2022\/08\/WhatsApp-Image-2022-08-22-at-1.26.14-PM-2-768x576.jpeg 768w, https:\/\/nainaridigital.com\/wp-content\/uploads\/2022\/08\/WhatsApp-Image-2022-08-22-at-1.26.14-PM-2-1536x1152.jpeg 1536w, https:\/\/nainaridigital.com\/wp-content\/uploads\/2022\/08\/WhatsApp-Image-2022-08-22-at-1.26.14-PM-2.jpeg 1600w\" sizes=\"auto, (max-width: 1024px) 100vw, 1024px\" \/><\/figure>\n\n\n\n<p>Otro punto es la calle Tetabiate y Tehuantepec, as\u00ed como &nbsp;el colector del boulevard Ram\u00edrez, el colector de la colonia Libertad que afecta varias colonias.<\/p>\n","protected":false},"excerpt":{"rendered":"<p>Claudia Gpe. P\u00e9rez La red de drenaje en Cajeme registra afectaciones tras las lluvias del fin de semana, al presentarse hundimientos en diversos puntos de la ciudad inform\u00f3 Luis Castro Acosta. El diagn\u00f3stico del organismo es que el 45%&nbsp; de <a href=\"https:\/\/nainaridigital.com\/index.php\/se-reparan-zonas-de-hundimientos-y-socavones\/\"> Read more&#8230;<\/a><\/p>\n","protected":false},"author":2,"featured_media":2787,"parent":0,"menu_order":0,"comment_status":"closed","ping_status":"closed","template":"","meta":{"footnotes":""},"class_list":["post-2783","page","type-page","status-publish","has-post-thumbnail","hentry"],"yoast_head":"<!-- This site is optimized with the Yoast SEO plugin v27.2 - https:\/\/yoast.com\/product\/yoast-seo-wordpress\/ -->\n<title>SE REPARAN ZONAS DE HUNDIMIENTOS Y SOCAVONES - nainari digital<\/title>\n<meta name=\"robots\" content=\"index, follow, max-snippet:-1, max-image-preview:large, max-video-preview:-1\" \/>\n<link rel=\"canonical\" href=\"https:\/\/nainaridigital.com\/index.php\/se-reparan-zonas-de-hundimientos-y-socavones\/\" \/>\n<meta property=\"og:locale\" content=\"es_MX\" \/>\n<meta property=\"og:type\" content=\"article\" \/>\n<meta property=\"og:title\" content=\"SE REPARAN ZONAS DE HUNDIMIENTOS Y SOCAVONES - nainari digital\" \/>\n<meta property=\"og:description\" content=\"Claudia Gpe. P\u00e9rez La red de drenaje en Cajeme registra afectaciones tras las lluvias del fin de semana, al presentarse hundimientos en diversos puntos de la ciudad inform\u00f3 Luis Castro Acosta. El diagn\u00f3stico del organismo es que el 45%&nbsp; de Read more&#8230;\" \/>\n<meta property=\"og:url\" content=\"https:\/\/nainaridigital.com\/index.php\/se-reparan-zonas-de-hundimientos-y-socavones\/\" \/>\n<meta property=\"og:site_name\" content=\"nainari digital\" \/>\n<meta property=\"article:modified_time\" content=\"2022-08-22T20:33:03+00:00\" \/>\n<meta property=\"og:image\" content=\"https:\/\/nainaridigital.com\/wp-content\/uploads\/2022\/08\/WhatsApp-Image-2022-08-22-at-1.26.14-PM-1.jpeg\" \/>\n\t<meta property=\"og:image:width\" content=\"1600\" \/>\n\t<meta property=\"og:image:height\" content=\"1200\" \/>\n\t<meta property=\"og:image:type\" content=\"image\/jpeg\" \/>\n<meta name=\"twitter:card\" content=\"summary_large_image\" \/>\n<meta name=\"twitter:label1\" content=\"Tiempo de lectura\" \/>\n\t<meta name=\"twitter:data1\" content=\"1 minuto\" \/>\n<script type=\"application\/ld+json\" class=\"yoast-schema-graph\">{\"@context\":\"https:\/\/schema.org\",\"@graph\":[{\"@type\":\"WebPage\",\"@id\":\"https:\/\/nainaridigital.com\/index.php\/se-reparan-zonas-de-hundimientos-y-socavones\/\",\"url\":\"https:\/\/nainaridigital.com\/index.php\/se-reparan-zonas-de-hundimientos-y-socavones\/\",\"name\":\"SE REPARAN ZONAS DE HUNDIMIENTOS Y SOCAVONES - nainari digital\",\"isPartOf\":{\"@id\":\"https:\/\/nainaridigital.com\/#website\"},\"primaryImageOfPage\":{\"@id\":\"https:\/\/nainaridigital.com\/index.php\/se-reparan-zonas-de-hundimientos-y-socavones\/#primaryimage\"},\"image\":{\"@id\":\"https:\/\/nainaridigital.com\/index.php\/se-reparan-zonas-de-hundimientos-y-socavones\/#primaryimage\"},\"thumbnailUrl\":\"https:\/\/nainaridigital.com\/wp-content\/uploads\/2022\/08\/WhatsApp-Image-2022-08-22-at-1.26.14-PM-1.jpeg\",\"datePublished\":\"2022-08-22T20:33:00+00:00\",\"dateModified\":\"2022-08-22T20:33:03+00:00\",\"breadcrumb\":{\"@id\":\"https:\/\/nainaridigital.com\/index.php\/se-reparan-zonas-de-hundimientos-y-socavones\/#breadcrumb\"},\"inLanguage\":\"es\",\"potentialAction\":[{\"@type\":\"ReadAction\",\"target\":[\"https:\/\/nainaridigital.com\/index.php\/se-reparan-zonas-de-hundimientos-y-socavones\/\"]}]},{\"@type\":\"ImageObject\",\"inLanguage\":\"es\",\"@id\":\"https:\/\/nainaridigital.com\/index.php\/se-reparan-zonas-de-hundimientos-y-socavones\/#primaryimage\",\"url\":\"https:\/\/nainaridigital.com\/wp-content\/uploads\/2022\/08\/WhatsApp-Image-2022-08-22-at-1.26.14-PM-1.jpeg\",\"contentUrl\":\"https:\/\/nainaridigital.com\/wp-content\/uploads\/2022\/08\/WhatsApp-Image-2022-08-22-at-1.26.14-PM-1.jpeg\",\"width\":1600,\"height\":1200},{\"@type\":\"BreadcrumbList\",\"@id\":\"https:\/\/nainaridigital.com\/index.php\/se-reparan-zonas-de-hundimientos-y-socavones\/#breadcrumb\",\"itemListElement\":[{\"@type\":\"ListItem\",\"position\":1,\"name\":\"Inicio\",\"item\":\"https:\/\/nainaridigital.com\/\"},{\"@type\":\"ListItem\",\"position\":2,\"name\":\"SE REPARAN ZONAS DE HUNDIMIENTOS Y SOCAVONES\"}]},{\"@type\":\"WebSite\",\"@id\":\"https:\/\/nainaridigital.com\/#website\",\"url\":\"https:\/\/nainaridigital.com\/\",\"name\":\"nainari digital\",\"description\":\"\",\"publisher\":{\"@id\":\"https:\/\/nainaridigital.com\/#organization\"},\"potentialAction\":[{\"@type\":\"SearchAction\",\"target\":{\"@type\":\"EntryPoint\",\"urlTemplate\":\"https:\/\/nainaridigital.com\/?s={search_term_string}\"},\"query-input\":{\"@type\":\"PropertyValueSpecification\",\"valueRequired\":true,\"valueName\":\"search_term_string\"}}],\"inLanguage\":\"es\"},{\"@type\":\"Organization\",\"@id\":\"https:\/\/nainaridigital.com\/#organization\",\"name\":\"nainari digital\",\"url\":\"https:\/\/nainaridigital.com\/\",\"logo\":{\"@type\":\"ImageObject\",\"inLanguage\":\"es\",\"@id\":\"https:\/\/nainaridigital.com\/#\/schema\/logo\/image\/\",\"url\":\"https:\/\/nainaridigital.com\/wp-content\/uploads\/2020\/04\/cropped-logo.png\",\"contentUrl\":\"https:\/\/nainaridigital.com\/wp-content\/uploads\/2020\/04\/cropped-logo.png\",\"width\":400,\"height\":160,\"caption\":\"nainari digital\"},\"image\":{\"@id\":\"https:\/\/nainaridigital.com\/#\/schema\/logo\/image\/\"}}]}<\/script>\n<!-- \/ Yoast SEO plugin. -->","yoast_head_json":{"title":"SE REPARAN ZONAS DE HUNDIMIENTOS Y SOCAVONES - nainari digital","robots":{"index":"index","follow":"follow","max-snippet":"max-snippet:-1","max-image-preview":"max-image-preview:large","max-video-preview":"max-video-preview:-1"},"canonical":"https:\/\/nainaridigital.com\/index.php\/se-reparan-zonas-de-hundimientos-y-socavones\/","og_locale":"es_MX","og_type":"article","og_title":"SE REPARAN ZONAS DE HUNDIMIENTOS Y SOCAVONES - nainari digital","og_description":"Claudia Gpe. P\u00e9rez La red de drenaje en Cajeme registra afectaciones tras las lluvias del fin de semana, al presentarse hundimientos en diversos puntos de la ciudad inform\u00f3 Luis Castro Acosta. El diagn\u00f3stico del organismo es que el 45%&nbsp; de Read more&#8230;","og_url":"https:\/\/nainaridigital.com\/index.php\/se-reparan-zonas-de-hundimientos-y-socavones\/","og_site_name":"nainari digital","article_modified_time":"2022-08-22T20:33:03+00:00","og_image":[{"width":1600,"height":1200,"url":"https:\/\/nainaridigital.com\/wp-content\/uploads\/2022\/08\/WhatsApp-Image-2022-08-22-at-1.26.14-PM-1.jpeg","type":"image\/jpeg"}],"twitter_card":"summary_large_image","twitter_misc":{"Tiempo de lectura":"1 minuto"},"schema":{"@context":"https:\/\/schema.org","@graph":[{"@type":"WebPage","@id":"https:\/\/nainaridigital.com\/index.php\/se-reparan-zonas-de-hundimientos-y-socavones\/","url":"https:\/\/nainaridigital.com\/index.php\/se-reparan-zonas-de-hundimientos-y-socavones\/","name":"SE REPARAN ZONAS DE HUNDIMIENTOS Y SOCAVONES - nainari digital","isPartOf":{"@id":"https:\/\/nainaridigital.com\/#website"},"primaryImageOfPage":{"@id":"https:\/\/nainaridigital.com\/index.php\/se-reparan-zonas-de-hundimientos-y-socavones\/#primaryimage"},"image":{"@id":"https:\/\/nainaridigital.com\/index.php\/se-reparan-zonas-de-hundimientos-y-socavones\/#primaryimage"},"thumbnailUrl":"https:\/\/nainaridigital.com\/wp-content\/uploads\/2022\/08\/WhatsApp-Image-2022-08-22-at-1.26.14-PM-1.jpeg","datePublished":"2022-08-22T20:33:00+00:00","dateModified":"2022-08-22T20:33:03+00:00","breadcrumb":{"@id":"https:\/\/nainaridigital.com\/index.php\/se-reparan-zonas-de-hundimientos-y-socavones\/#breadcrumb"},"inLanguage":"es","potentialAction":[{"@type":"ReadAction","target":["https:\/\/nainaridigital.com\/index.php\/se-reparan-zonas-de-hundimientos-y-socavones\/"]}]},{"@type":"ImageObject","inLanguage":"es","@id":"https:\/\/nainaridigital.com\/index.php\/se-reparan-zonas-de-hundimientos-y-socavones\/#primaryimage","url":"https:\/\/nainaridigital.com\/wp-content\/uploads\/2022\/08\/WhatsApp-Image-2022-08-22-at-1.26.14-PM-1.jpeg","contentUrl":"https:\/\/nainaridigital.com\/wp-content\/uploads\/2022\/08\/WhatsApp-Image-2022-08-22-at-1.26.14-PM-1.jpeg","width":1600,"height":1200},{"@type":"BreadcrumbList","@id":"https:\/\/nainaridigital.com\/index.php\/se-reparan-zonas-de-hundimientos-y-socavones\/#breadcrumb","itemListElement":[{"@type":"ListItem","position":1,"name":"Inicio","item":"https:\/\/nainaridigital.com\/"},{"@type":"ListItem","position":2,"name":"SE REPARAN ZONAS DE HUNDIMIENTOS Y SOCAVONES"}]},{"@type":"WebSite","@id":"https:\/\/nainaridigital.com\/#website","url":"https:\/\/nainaridigital.com\/","name":"nainari digital","description":"","publisher":{"@id":"https:\/\/nainaridigital.com\/#organization"},"potentialAction":[{"@type":"SearchAction","target":{"@type":"EntryPoint","urlTemplate":"https:\/\/nainaridigital.com\/?s={search_term_string}"},"query-input":{"@type":"PropertyValueSpecification","valueRequired":true,"valueName":"search_term_string"}}],"inLanguage":"es"},{"@type":"Organization","@id":"https:\/\/nainaridigital.com\/#organization","name":"nainari digital","url":"https:\/\/nainaridigital.com\/","logo":{"@type":"ImageObject","inLanguage":"es","@id":"https:\/\/nainaridigital.com\/#\/schema\/logo\/image\/","url":"https:\/\/nainaridigital.com\/wp-content\/uploads\/2020\/04\/cropped-logo.png","contentUrl":"https:\/\/nainaridigital.com\/wp-content\/uploads\/2020\/04\/cropped-logo.png","width":400,"height":160,"caption":"nainari digital"},"image":{"@id":"https:\/\/nainaridigital.com\/#\/schema\/logo\/image\/"}}]}},"_links":{"self":[{"href":"https:\/\/nainaridigital.com\/index.php\/wp-json\/wp\/v2\/pages\/2783","targetHints":{"allow":["GET"]}}],"collection":[{"href":"https:\/\/nainaridigital.com\/index.php\/wp-json\/wp\/v2\/pages"}],"about":[{"href":"https:\/\/nainaridigital.com\/index.php\/wp-json\/wp\/v2\/types\/page"}],"author":[{"embeddable":true,"href":"https:\/\/nainaridigital.com\/index.php\/wp-json\/wp\/v2\/users\/2"}],"replies":[{"embeddable":true,"href":"https:\/\/nainaridigital.com\/index.php\/wp-json\/wp\/v2\/comments?post=2783"}],"version-history":[{"count":2,"href":"https:\/\/nainaridigital.com\/index.php\/wp-json\/wp\/v2\/pages\/2783\/revisions"}],"predecessor-version":[{"id":2789,"href":"https:\/\/nainaridigital.com\/index.php\/wp-json\/wp\/v2\/pages\/2783\/revisions\/2789"}],"wp:featuredmedia":[{"embeddable":true,"href":"https:\/\/nainaridigital.com\/index.php\/wp-json\/wp\/v2\/media\/2787"}],"wp:attachment":[{"href":"https:\/\/nainaridigital.com\/index.php\/wp-json\/wp\/v2\/media?parent=2783"}],"curies":[{"name":"wp","href":"https:\/\/api.w.org\/{rel}","templated":true}]}}