{"id":5194,"date":"2023-08-30T07:51:16","date_gmt":"2023-08-30T14:51:16","guid":{"rendered":"https:\/\/nainaridigital.com\/?page_id=5194"},"modified":"2023-08-30T07:51:18","modified_gmt":"2023-08-30T14:51:18","slug":"supervisa-lamarque-calidad-en-obras","status":"publish","type":"page","link":"https:\/\/nainaridigital.com\/index.php\/supervisa-lamarque-calidad-en-obras\/","title":{"rendered":"SUPERVISA LAMARQUE CALIDAD EN OBRAS"},"content":{"rendered":"\n<p>El Alcalde Javier Lamarque Cano supervis\u00f3 la calidad de las obras de pavimentaci\u00f3n de vialidades que se realizaron en dos tramos de la calle Jes\u00fas Garc\u00eda, que van de la calle Campeche a la Michoac\u00e1n y de la Otancahui a la Par\u00eds, donde con una inversi\u00f3n de cerca de 4 millones de pesos se benefici\u00f3 a 100 mil habitantes de las colonias Hidalgo, Villa Mezquite, Fovissste II y Fuentes del Bosque.<\/p>\n\n\n\n<p>El Presidente record\u00f3 que el a\u00f1o pasado se trabaj\u00f3 en la recuperaci\u00f3n de dos tramos de la misma Jes\u00fas Garc\u00eda, donde se aplic\u00f3 carpeta asf\u00e1ltica desde la calle Chihuahua a la California y de la Kino a la Alfonso Reyes, y con las acciones que hoy supervisa pr\u00e1cticamente qued\u00f3 recarpeteada toda esta avenida, salvo algunas \u00e1reas que s\u00f3lo requieren bacheo.<\/p>\n\n\n\n<p>Despu\u00e9s, en compa\u00f1\u00eda del Secretario de Desarrollo Urbano, Mario Alfaro V\u00e1zquez, el Alcalde se dirigi\u00f3 a la calle 6 de Abril entre California y Michoac\u00e1n, donde se realizan trabajos de limpieza para el sellado de grietas, previo al bacheo profundo y superficial, para luego proceder a pavimentar la secci\u00f3n que va de la Michoac\u00e1n a la calle Quintana Roo, mientras que en el tramo que va de la calle Tehuantepec a la Quintana Roo, adem\u00e1s de la pavimentaci\u00f3n, se incluyen trabajos de rehabilitaci\u00f3n de la red hidrosanitaria.<\/p>\n\n\n\n<p>De ah\u00ed se trasladaron a la calle Ley Federal del Trabajo, entre Paseo Miravalle y Jalisco de la colonia Primero de Mayo, donde, previo a la pavimentaci\u00f3n, se introdujeron 57 metros lineales de tuber\u00eda hidr\u00e1ulica de 10 pulgadas de di\u00e1metro, 220 metros lineales de tuber\u00eda hidr\u00e1ulica de 6 pulgadas, se fabricaron 6 pozos de visita, se instalaron 496 metros lineales de tuber\u00eda sanitaria de 8 pulgadas, 93 descargas sanitarias, y se construyeron 41 tomas domiciliarias; obra en la que s\u00f3lo falta construir las rampas para estacionamientos y banquetas.<\/p>\n\n\n\n<p>Luego verific\u00f3 el avance que presenta la construcci\u00f3n del crucero con concreto hidr\u00e1ulico de la calle Tabasco y Juan de la Barrera, en la colonia Cortinas, donde ya se introdujo nueva red de agua potable y alcantarillado, as\u00ed como la instalaci\u00f3n de dos cajas de drenaje pluvial y se construyen las guarniciones para despu\u00e9s vaciar las planchas de concreto.<\/p>\n\n\n\n<p>Para finalizar su recorrido, el Presidente se dirigi\u00f3 a la obra pavimentaci\u00f3n con carpeta asf\u00e1ltica que se efectu\u00f3 en la calle Coahuila, entre calle 300 y Nochebuena, con la que se benefici\u00f3 a 250 mil habitantes de las colonias M\u00e9xico, Real del Valle, Quinta Real, Villas del Real, Pedregal, Nueva Palmira, Sonora, Eusebio Kino, Jardines del Valle y Maximiliano R. L\u00f3pez.<\/p>\n\n\n\n<p>Ah\u00ed, en la esquina de la calle Coahuila y Crisantemos, atestigu\u00f3 los trabajos de pavimentaci\u00f3n de los aproches o uniones de las entrecalles<\/p>\n","protected":false},"excerpt":{"rendered":"<p>El Alcalde Javier Lamarque Cano supervis\u00f3 la calidad de las obras de pavimentaci\u00f3n de vialidades que se realizaron en dos tramos de la calle Jes\u00fas Garc\u00eda, que van de la calle Campeche a la Michoac\u00e1n y de la Otancahui a <a href=\"https:\/\/nainaridigital.com\/index.php\/supervisa-lamarque-calidad-en-obras\/\"> Read more&#8230;<\/a><\/p>\n","protected":false},"author":2,"featured_media":5195,"parent":0,"menu_order":0,"comment_status":"closed","ping_status":"closed","template":"","meta":{"footnotes":""},"class_list":["post-5194","page","type-page","status-publish","has-post-thumbnail","hentry"],"yoast_head":"<!-- This site is optimized with the Yoast SEO plugin v27.2 - https:\/\/yoast.com\/product\/yoast-seo-wordpress\/ -->\n<title>SUPERVISA LAMARQUE CALIDAD EN OBRAS - nainari digital<\/title>\n<meta name=\"robots\" content=\"index, follow, max-snippet:-1, max-image-preview:large, max-video-preview:-1\" \/>\n<link rel=\"canonical\" href=\"https:\/\/nainaridigital.com\/index.php\/supervisa-lamarque-calidad-en-obras\/\" \/>\n<meta property=\"og:locale\" content=\"es_MX\" \/>\n<meta property=\"og:type\" content=\"article\" \/>\n<meta property=\"og:title\" content=\"SUPERVISA LAMARQUE CALIDAD EN OBRAS - nainari digital\" \/>\n<meta property=\"og:description\" content=\"El Alcalde Javier Lamarque Cano supervis\u00f3 la calidad de las obras de pavimentaci\u00f3n de vialidades que se realizaron en dos tramos de la calle Jes\u00fas Garc\u00eda, que van de la calle Campeche a la Michoac\u00e1n y de la Otancahui a Read more&#8230;\" \/>\n<meta property=\"og:url\" content=\"https:\/\/nainaridigital.com\/index.php\/supervisa-lamarque-calidad-en-obras\/\" \/>\n<meta property=\"og:site_name\" content=\"nainari digital\" \/>\n<meta property=\"article:modified_time\" content=\"2023-08-30T14:51:18+00:00\" \/>\n<meta property=\"og:image\" content=\"https:\/\/nainaridigital.com\/wp-content\/uploads\/2023\/08\/WhatsApp-Image-2023-08-29-at-20.13.17.jpeg\" \/>\n\t<meta property=\"og:image:width\" content=\"1600\" \/>\n\t<meta property=\"og:image:height\" content=\"1068\" \/>\n\t<meta property=\"og:image:type\" content=\"image\/jpeg\" \/>\n<meta name=\"twitter:card\" content=\"summary_large_image\" \/>\n<meta name=\"twitter:label1\" content=\"Tiempo de lectura\" \/>\n\t<meta name=\"twitter:data1\" content=\"2 minutos\" \/>\n<script type=\"application\/ld+json\" class=\"yoast-schema-graph\">{\"@context\":\"https:\/\/schema.org\",\"@graph\":[{\"@type\":\"WebPage\",\"@id\":\"https:\/\/nainaridigital.com\/index.php\/supervisa-lamarque-calidad-en-obras\/\",\"url\":\"https:\/\/nainaridigital.com\/index.php\/supervisa-lamarque-calidad-en-obras\/\",\"name\":\"SUPERVISA LAMARQUE CALIDAD EN OBRAS - nainari digital\",\"isPartOf\":{\"@id\":\"https:\/\/nainaridigital.com\/#website\"},\"primaryImageOfPage\":{\"@id\":\"https:\/\/nainaridigital.com\/index.php\/supervisa-lamarque-calidad-en-obras\/#primaryimage\"},\"image\":{\"@id\":\"https:\/\/nainaridigital.com\/index.php\/supervisa-lamarque-calidad-en-obras\/#primaryimage\"},\"thumbnailUrl\":\"https:\/\/nainaridigital.com\/wp-content\/uploads\/2023\/08\/WhatsApp-Image-2023-08-29-at-20.13.17.jpeg\",\"datePublished\":\"2023-08-30T14:51:16+00:00\",\"dateModified\":\"2023-08-30T14:51:18+00:00\",\"breadcrumb\":{\"@id\":\"https:\/\/nainaridigital.com\/index.php\/supervisa-lamarque-calidad-en-obras\/#breadcrumb\"},\"inLanguage\":\"es\",\"potentialAction\":[{\"@type\":\"ReadAction\",\"target\":[\"https:\/\/nainaridigital.com\/index.php\/supervisa-lamarque-calidad-en-obras\/\"]}]},{\"@type\":\"ImageObject\",\"inLanguage\":\"es\",\"@id\":\"https:\/\/nainaridigital.com\/index.php\/supervisa-lamarque-calidad-en-obras\/#primaryimage\",\"url\":\"https:\/\/nainaridigital.com\/wp-content\/uploads\/2023\/08\/WhatsApp-Image-2023-08-29-at-20.13.17.jpeg\",\"contentUrl\":\"https:\/\/nainaridigital.com\/wp-content\/uploads\/2023\/08\/WhatsApp-Image-2023-08-29-at-20.13.17.jpeg\",\"width\":1600,\"height\":1068},{\"@type\":\"BreadcrumbList\",\"@id\":\"https:\/\/nainaridigital.com\/index.php\/supervisa-lamarque-calidad-en-obras\/#breadcrumb\",\"itemListElement\":[{\"@type\":\"ListItem\",\"position\":1,\"name\":\"Inicio\",\"item\":\"https:\/\/nainaridigital.com\/\"},{\"@type\":\"ListItem\",\"position\":2,\"name\":\"SUPERVISA LAMARQUE CALIDAD EN OBRAS\"}]},{\"@type\":\"WebSite\",\"@id\":\"https:\/\/nainaridigital.com\/#website\",\"url\":\"https:\/\/nainaridigital.com\/\",\"name\":\"nainari digital\",\"description\":\"\",\"publisher\":{\"@id\":\"https:\/\/nainaridigital.com\/#organization\"},\"potentialAction\":[{\"@type\":\"SearchAction\",\"target\":{\"@type\":\"EntryPoint\",\"urlTemplate\":\"https:\/\/nainaridigital.com\/?s={search_term_string}\"},\"query-input\":{\"@type\":\"PropertyValueSpecification\",\"valueRequired\":true,\"valueName\":\"search_term_string\"}}],\"inLanguage\":\"es\"},{\"@type\":\"Organization\",\"@id\":\"https:\/\/nainaridigital.com\/#organization\",\"name\":\"nainari digital\",\"url\":\"https:\/\/nainaridigital.com\/\",\"logo\":{\"@type\":\"ImageObject\",\"inLanguage\":\"es\",\"@id\":\"https:\/\/nainaridigital.com\/#\/schema\/logo\/image\/\",\"url\":\"https:\/\/nainaridigital.com\/wp-content\/uploads\/2020\/04\/cropped-logo.png\",\"contentUrl\":\"https:\/\/nainaridigital.com\/wp-content\/uploads\/2020\/04\/cropped-logo.png\",\"width\":400,\"height\":160,\"caption\":\"nainari digital\"},\"image\":{\"@id\":\"https:\/\/nainaridigital.com\/#\/schema\/logo\/image\/\"}}]}<\/script>\n<!-- \/ Yoast SEO plugin. -->","yoast_head_json":{"title":"SUPERVISA LAMARQUE CALIDAD EN OBRAS - nainari digital","robots":{"index":"index","follow":"follow","max-snippet":"max-snippet:-1","max-image-preview":"max-image-preview:large","max-video-preview":"max-video-preview:-1"},"canonical":"https:\/\/nainaridigital.com\/index.php\/supervisa-lamarque-calidad-en-obras\/","og_locale":"es_MX","og_type":"article","og_title":"SUPERVISA LAMARQUE CALIDAD EN OBRAS - nainari digital","og_description":"El Alcalde Javier Lamarque Cano supervis\u00f3 la calidad de las obras de pavimentaci\u00f3n de vialidades que se realizaron en dos tramos de la calle Jes\u00fas Garc\u00eda, que van de la calle Campeche a la Michoac\u00e1n y de la Otancahui a Read more&#8230;","og_url":"https:\/\/nainaridigital.com\/index.php\/supervisa-lamarque-calidad-en-obras\/","og_site_name":"nainari digital","article_modified_time":"2023-08-30T14:51:18+00:00","og_image":[{"width":1600,"height":1068,"url":"https:\/\/nainaridigital.com\/wp-content\/uploads\/2023\/08\/WhatsApp-Image-2023-08-29-at-20.13.17.jpeg","type":"image\/jpeg"}],"twitter_card":"summary_large_image","twitter_misc":{"Tiempo de lectura":"2 minutos"},"schema":{"@context":"https:\/\/schema.org","@graph":[{"@type":"WebPage","@id":"https:\/\/nainaridigital.com\/index.php\/supervisa-lamarque-calidad-en-obras\/","url":"https:\/\/nainaridigital.com\/index.php\/supervisa-lamarque-calidad-en-obras\/","name":"SUPERVISA LAMARQUE CALIDAD EN OBRAS - nainari digital","isPartOf":{"@id":"https:\/\/nainaridigital.com\/#website"},"primaryImageOfPage":{"@id":"https:\/\/nainaridigital.com\/index.php\/supervisa-lamarque-calidad-en-obras\/#primaryimage"},"image":{"@id":"https:\/\/nainaridigital.com\/index.php\/supervisa-lamarque-calidad-en-obras\/#primaryimage"},"thumbnailUrl":"https:\/\/nainaridigital.com\/wp-content\/uploads\/2023\/08\/WhatsApp-Image-2023-08-29-at-20.13.17.jpeg","datePublished":"2023-08-30T14:51:16+00:00","dateModified":"2023-08-30T14:51:18+00:00","breadcrumb":{"@id":"https:\/\/nainaridigital.com\/index.php\/supervisa-lamarque-calidad-en-obras\/#breadcrumb"},"inLanguage":"es","potentialAction":[{"@type":"ReadAction","target":["https:\/\/nainaridigital.com\/index.php\/supervisa-lamarque-calidad-en-obras\/"]}]},{"@type":"ImageObject","inLanguage":"es","@id":"https:\/\/nainaridigital.com\/index.php\/supervisa-lamarque-calidad-en-obras\/#primaryimage","url":"https:\/\/nainaridigital.com\/wp-content\/uploads\/2023\/08\/WhatsApp-Image-2023-08-29-at-20.13.17.jpeg","contentUrl":"https:\/\/nainaridigital.com\/wp-content\/uploads\/2023\/08\/WhatsApp-Image-2023-08-29-at-20.13.17.jpeg","width":1600,"height":1068},{"@type":"BreadcrumbList","@id":"https:\/\/nainaridigital.com\/index.php\/supervisa-lamarque-calidad-en-obras\/#breadcrumb","itemListElement":[{"@type":"ListItem","position":1,"name":"Inicio","item":"https:\/\/nainaridigital.com\/"},{"@type":"ListItem","position":2,"name":"SUPERVISA LAMARQUE CALIDAD EN OBRAS"}]},{"@type":"WebSite","@id":"https:\/\/nainaridigital.com\/#website","url":"https:\/\/nainaridigital.com\/","name":"nainari digital","description":"","publisher":{"@id":"https:\/\/nainaridigital.com\/#organization"},"potentialAction":[{"@type":"SearchAction","target":{"@type":"EntryPoint","urlTemplate":"https:\/\/nainaridigital.com\/?s={search_term_string}"},"query-input":{"@type":"PropertyValueSpecification","valueRequired":true,"valueName":"search_term_string"}}],"inLanguage":"es"},{"@type":"Organization","@id":"https:\/\/nainaridigital.com\/#organization","name":"nainari digital","url":"https:\/\/nainaridigital.com\/","logo":{"@type":"ImageObject","inLanguage":"es","@id":"https:\/\/nainaridigital.com\/#\/schema\/logo\/image\/","url":"https:\/\/nainaridigital.com\/wp-content\/uploads\/2020\/04\/cropped-logo.png","contentUrl":"https:\/\/nainaridigital.com\/wp-content\/uploads\/2020\/04\/cropped-logo.png","width":400,"height":160,"caption":"nainari digital"},"image":{"@id":"https:\/\/nainaridigital.com\/#\/schema\/logo\/image\/"}}]}},"_links":{"self":[{"href":"https:\/\/nainaridigital.com\/index.php\/wp-json\/wp\/v2\/pages\/5194","targetHints":{"allow":["GET"]}}],"collection":[{"href":"https:\/\/nainaridigital.com\/index.php\/wp-json\/wp\/v2\/pages"}],"about":[{"href":"https:\/\/nainaridigital.com\/index.php\/wp-json\/wp\/v2\/types\/page"}],"author":[{"embeddable":true,"href":"https:\/\/nainaridigital.com\/index.php\/wp-json\/wp\/v2\/users\/2"}],"replies":[{"embeddable":true,"href":"https:\/\/nainaridigital.com\/index.php\/wp-json\/wp\/v2\/comments?post=5194"}],"version-history":[{"count":1,"href":"https:\/\/nainaridigital.com\/index.php\/wp-json\/wp\/v2\/pages\/5194\/revisions"}],"predecessor-version":[{"id":5196,"href":"https:\/\/nainaridigital.com\/index.php\/wp-json\/wp\/v2\/pages\/5194\/revisions\/5196"}],"wp:featuredmedia":[{"embeddable":true,"href":"https:\/\/nainaridigital.com\/index.php\/wp-json\/wp\/v2\/media\/5195"}],"wp:attachment":[{"href":"https:\/\/nainaridigital.com\/index.php\/wp-json\/wp\/v2\/media?parent=5194"}],"curies":[{"name":"wp","href":"https:\/\/api.w.org\/{rel}","templated":true}]}}