{"id":5772,"date":"2023-11-30T09:35:41","date_gmt":"2023-11-30T16:35:41","guid":{"rendered":"https:\/\/nainaridigital.com\/?page_id=5772"},"modified":"2023-11-30T09:35:42","modified_gmt":"2023-11-30T16:35:42","slug":"reciben-reconocimiento-como-ciudadana-y-ciudadano-distinguido-2023","status":"publish","type":"page","link":"https:\/\/nainaridigital.com\/index.php\/reciben-reconocimiento-como-ciudadana-y-ciudadano-distinguido-2023\/","title":{"rendered":"RECIBEN RECONOCIMIENTO COMO CIUDADANA Y CIUDADANO DISTINGUIDO 2023"},"content":{"rendered":"\n<p>En el marco de la celebraci\u00f3n del 96 aniversario de la fundaci\u00f3n del municipio de Cajeme, en apego a los principios de equidad de g\u00e9nero, fueron reconocidos como Ciudadana Distinguida y Ciudadano Distinguido de Cajeme 2023, Anita L\u00f3pez Rodr\u00edguez y Alfonso Robinson Bours Almada por su destacada labor a favor del desarrollo de los habitantes del municipio, as\u00ed como por su ejemplar trayectoria de vida, una como l\u00edder social y defensora de las clases y causas m\u00e1s desprotegidas y otro en el impulso el desarrollo econ\u00f3mico y apoyo a instituciones y comunidades.<\/p>\n\n\n\n<p>La Presidenta del Voluntariado DIF Cajeme, Patricia Pati\u00f1o Fierro, en representaci\u00f3n del Presidente Municipal Javier Lamarque Cano, en compa\u00f1\u00eda del responsable de Cultura Municipal, Enrique Espinoza Pinales y del coordinador General de Identidad y Formaci\u00f3n Ciudadana, Fernando Gonz\u00e1lez Meza, ante la presencia de familiares y amigos de los galardonados, entreg\u00f3 la presea y la placa conmemorativa a la luchadora social Anita L\u00f3pez Rodr\u00edguez, as\u00ed como el reconocimiento y medalla distintiva a Don Alfonso Robinson Bours Almada, distinci\u00f3n que fue recibida por su hija Gloria Guadalupe Robinson Bours.<\/p>\n\n\n\n<p>Al otorgar los reconocimientos, la tambi\u00e9n Directora General del ITESCA, manifest\u00f3 que es un orgullo y un especial honor el otorgar estas distinciones a la ciudadana y ciudadano ejemplar, que desde diferentes sectores y actividades han forjado la grandeza de Cajeme y el bienestar de sus habitantes.<\/p>\n\n\n\n<p>&#8220;A nombre de Javier Lamarque, Presidente Municipal, hacemos un llamado para que las familias de Cajeme sigamos trabajando a favor del desarrollo de la comunidad, que las familias de Cajeme pongamos en el centro el bien com\u00fan, much\u00edsimas felicidades a la ciudadana y el ciudadano distinguidos&#8221;, expres\u00f3 la esposa del Presidente Municipal.<\/p>\n\n\n\n<p>Por su parte, los homenajeados agradecieron al Alcalde Lamarque Cano y a la comunidad de Cajeme por la distinci\u00f3n especial y el reconocimiento a la trayectoria de cada uno de ellos.<\/p>\n\n\n\n<p>Previo a la distinci\u00f3n de la Ciudadana y Ciudadano Distinguidos, tambi\u00e9n se entreg\u00f3 reconocimiento a quienes fundaron en 2002 el Festival Cultural Tetabiakte, mismo que hoy llega a su Vig\u00e9sima Edici\u00f3n, galard\u00f3n que, a nombre de sus compa\u00f1eras y compa\u00f1eros, fue recibido por Beatriz Marina Bours Mu\u00f1oz y Cuquita Montelongo<\/p>\n","protected":false},"excerpt":{"rendered":"<p>En el marco de la celebraci\u00f3n del 96 aniversario de la fundaci\u00f3n del municipio de Cajeme, en apego a los principios de equidad de g\u00e9nero, fueron reconocidos como Ciudadana Distinguida y Ciudadano Distinguido de Cajeme 2023, Anita L\u00f3pez Rodr\u00edguez y <a href=\"https:\/\/nainaridigital.com\/index.php\/reciben-reconocimiento-como-ciudadana-y-ciudadano-distinguido-2023\/\"> Read more&#8230;<\/a><\/p>\n","protected":false},"author":2,"featured_media":5773,"parent":0,"menu_order":0,"comment_status":"closed","ping_status":"closed","template":"","meta":{"footnotes":""},"class_list":["post-5772","page","type-page","status-publish","has-post-thumbnail","hentry"],"yoast_head":"<!-- This site is optimized with the Yoast SEO plugin v27.2 - https:\/\/yoast.com\/product\/yoast-seo-wordpress\/ -->\n<title>RECIBEN RECONOCIMIENTO COMO CIUDADANA Y CIUDADANO DISTINGUIDO 2023 - nainari digital<\/title>\n<meta name=\"robots\" content=\"index, follow, max-snippet:-1, max-image-preview:large, max-video-preview:-1\" \/>\n<link rel=\"canonical\" href=\"https:\/\/nainaridigital.com\/index.php\/reciben-reconocimiento-como-ciudadana-y-ciudadano-distinguido-2023\/\" \/>\n<meta property=\"og:locale\" content=\"es_MX\" \/>\n<meta property=\"og:type\" content=\"article\" \/>\n<meta property=\"og:title\" content=\"RECIBEN RECONOCIMIENTO COMO CIUDADANA Y CIUDADANO DISTINGUIDO 2023 - nainari digital\" \/>\n<meta property=\"og:description\" content=\"En el marco de la celebraci\u00f3n del 96 aniversario de la fundaci\u00f3n del municipio de Cajeme, en apego a los principios de equidad de g\u00e9nero, fueron reconocidos como Ciudadana Distinguida y Ciudadano Distinguido de Cajeme 2023, Anita L\u00f3pez Rodr\u00edguez y Read more&#8230;\" \/>\n<meta property=\"og:url\" content=\"https:\/\/nainaridigital.com\/index.php\/reciben-reconocimiento-como-ciudadana-y-ciudadano-distinguido-2023\/\" \/>\n<meta property=\"og:site_name\" content=\"nainari digital\" \/>\n<meta property=\"article:modified_time\" content=\"2023-11-30T16:35:42+00:00\" \/>\n<meta property=\"og:image\" content=\"https:\/\/nainaridigital.com\/wp-content\/uploads\/2023\/11\/WhatsApp-Image-2023-11-30-at-09.26.42.jpeg\" \/>\n\t<meta property=\"og:image:width\" content=\"1600\" \/>\n\t<meta property=\"og:image:height\" content=\"1066\" \/>\n\t<meta property=\"og:image:type\" content=\"image\/jpeg\" \/>\n<meta name=\"twitter:card\" content=\"summary_large_image\" \/>\n<meta name=\"twitter:label1\" content=\"Tiempo de lectura\" \/>\n\t<meta name=\"twitter:data1\" content=\"2 minutos\" \/>\n<script type=\"application\/ld+json\" class=\"yoast-schema-graph\">{\"@context\":\"https:\/\/schema.org\",\"@graph\":[{\"@type\":\"WebPage\",\"@id\":\"https:\/\/nainaridigital.com\/index.php\/reciben-reconocimiento-como-ciudadana-y-ciudadano-distinguido-2023\/\",\"url\":\"https:\/\/nainaridigital.com\/index.php\/reciben-reconocimiento-como-ciudadana-y-ciudadano-distinguido-2023\/\",\"name\":\"RECIBEN RECONOCIMIENTO COMO CIUDADANA Y CIUDADANO DISTINGUIDO 2023 - nainari digital\",\"isPartOf\":{\"@id\":\"https:\/\/nainaridigital.com\/#website\"},\"primaryImageOfPage\":{\"@id\":\"https:\/\/nainaridigital.com\/index.php\/reciben-reconocimiento-como-ciudadana-y-ciudadano-distinguido-2023\/#primaryimage\"},\"image\":{\"@id\":\"https:\/\/nainaridigital.com\/index.php\/reciben-reconocimiento-como-ciudadana-y-ciudadano-distinguido-2023\/#primaryimage\"},\"thumbnailUrl\":\"https:\/\/nainaridigital.com\/wp-content\/uploads\/2023\/11\/WhatsApp-Image-2023-11-30-at-09.26.42.jpeg\",\"datePublished\":\"2023-11-30T16:35:41+00:00\",\"dateModified\":\"2023-11-30T16:35:42+00:00\",\"breadcrumb\":{\"@id\":\"https:\/\/nainaridigital.com\/index.php\/reciben-reconocimiento-como-ciudadana-y-ciudadano-distinguido-2023\/#breadcrumb\"},\"inLanguage\":\"es\",\"potentialAction\":[{\"@type\":\"ReadAction\",\"target\":[\"https:\/\/nainaridigital.com\/index.php\/reciben-reconocimiento-como-ciudadana-y-ciudadano-distinguido-2023\/\"]}]},{\"@type\":\"ImageObject\",\"inLanguage\":\"es\",\"@id\":\"https:\/\/nainaridigital.com\/index.php\/reciben-reconocimiento-como-ciudadana-y-ciudadano-distinguido-2023\/#primaryimage\",\"url\":\"https:\/\/nainaridigital.com\/wp-content\/uploads\/2023\/11\/WhatsApp-Image-2023-11-30-at-09.26.42.jpeg\",\"contentUrl\":\"https:\/\/nainaridigital.com\/wp-content\/uploads\/2023\/11\/WhatsApp-Image-2023-11-30-at-09.26.42.jpeg\",\"width\":1600,\"height\":1066},{\"@type\":\"BreadcrumbList\",\"@id\":\"https:\/\/nainaridigital.com\/index.php\/reciben-reconocimiento-como-ciudadana-y-ciudadano-distinguido-2023\/#breadcrumb\",\"itemListElement\":[{\"@type\":\"ListItem\",\"position\":1,\"name\":\"Inicio\",\"item\":\"https:\/\/nainaridigital.com\/\"},{\"@type\":\"ListItem\",\"position\":2,\"name\":\"RECIBEN RECONOCIMIENTO COMO CIUDADANA Y CIUDADANO DISTINGUIDO 2023\"}]},{\"@type\":\"WebSite\",\"@id\":\"https:\/\/nainaridigital.com\/#website\",\"url\":\"https:\/\/nainaridigital.com\/\",\"name\":\"nainari digital\",\"description\":\"\",\"publisher\":{\"@id\":\"https:\/\/nainaridigital.com\/#organization\"},\"potentialAction\":[{\"@type\":\"SearchAction\",\"target\":{\"@type\":\"EntryPoint\",\"urlTemplate\":\"https:\/\/nainaridigital.com\/?s={search_term_string}\"},\"query-input\":{\"@type\":\"PropertyValueSpecification\",\"valueRequired\":true,\"valueName\":\"search_term_string\"}}],\"inLanguage\":\"es\"},{\"@type\":\"Organization\",\"@id\":\"https:\/\/nainaridigital.com\/#organization\",\"name\":\"nainari digital\",\"url\":\"https:\/\/nainaridigital.com\/\",\"logo\":{\"@type\":\"ImageObject\",\"inLanguage\":\"es\",\"@id\":\"https:\/\/nainaridigital.com\/#\/schema\/logo\/image\/\",\"url\":\"https:\/\/nainaridigital.com\/wp-content\/uploads\/2020\/04\/cropped-logo.png\",\"contentUrl\":\"https:\/\/nainaridigital.com\/wp-content\/uploads\/2020\/04\/cropped-logo.png\",\"width\":400,\"height\":160,\"caption\":\"nainari digital\"},\"image\":{\"@id\":\"https:\/\/nainaridigital.com\/#\/schema\/logo\/image\/\"}}]}<\/script>\n<!-- \/ Yoast SEO plugin. -->","yoast_head_json":{"title":"RECIBEN RECONOCIMIENTO COMO CIUDADANA Y CIUDADANO DISTINGUIDO 2023 - nainari digital","robots":{"index":"index","follow":"follow","max-snippet":"max-snippet:-1","max-image-preview":"max-image-preview:large","max-video-preview":"max-video-preview:-1"},"canonical":"https:\/\/nainaridigital.com\/index.php\/reciben-reconocimiento-como-ciudadana-y-ciudadano-distinguido-2023\/","og_locale":"es_MX","og_type":"article","og_title":"RECIBEN RECONOCIMIENTO COMO CIUDADANA Y CIUDADANO DISTINGUIDO 2023 - nainari digital","og_description":"En el marco de la celebraci\u00f3n del 96 aniversario de la fundaci\u00f3n del municipio de Cajeme, en apego a los principios de equidad de g\u00e9nero, fueron reconocidos como Ciudadana Distinguida y Ciudadano Distinguido de Cajeme 2023, Anita L\u00f3pez Rodr\u00edguez y Read more&#8230;","og_url":"https:\/\/nainaridigital.com\/index.php\/reciben-reconocimiento-como-ciudadana-y-ciudadano-distinguido-2023\/","og_site_name":"nainari digital","article_modified_time":"2023-11-30T16:35:42+00:00","og_image":[{"width":1600,"height":1066,"url":"https:\/\/nainaridigital.com\/wp-content\/uploads\/2023\/11\/WhatsApp-Image-2023-11-30-at-09.26.42.jpeg","type":"image\/jpeg"}],"twitter_card":"summary_large_image","twitter_misc":{"Tiempo de lectura":"2 minutos"},"schema":{"@context":"https:\/\/schema.org","@graph":[{"@type":"WebPage","@id":"https:\/\/nainaridigital.com\/index.php\/reciben-reconocimiento-como-ciudadana-y-ciudadano-distinguido-2023\/","url":"https:\/\/nainaridigital.com\/index.php\/reciben-reconocimiento-como-ciudadana-y-ciudadano-distinguido-2023\/","name":"RECIBEN RECONOCIMIENTO COMO CIUDADANA Y CIUDADANO DISTINGUIDO 2023 - nainari digital","isPartOf":{"@id":"https:\/\/nainaridigital.com\/#website"},"primaryImageOfPage":{"@id":"https:\/\/nainaridigital.com\/index.php\/reciben-reconocimiento-como-ciudadana-y-ciudadano-distinguido-2023\/#primaryimage"},"image":{"@id":"https:\/\/nainaridigital.com\/index.php\/reciben-reconocimiento-como-ciudadana-y-ciudadano-distinguido-2023\/#primaryimage"},"thumbnailUrl":"https:\/\/nainaridigital.com\/wp-content\/uploads\/2023\/11\/WhatsApp-Image-2023-11-30-at-09.26.42.jpeg","datePublished":"2023-11-30T16:35:41+00:00","dateModified":"2023-11-30T16:35:42+00:00","breadcrumb":{"@id":"https:\/\/nainaridigital.com\/index.php\/reciben-reconocimiento-como-ciudadana-y-ciudadano-distinguido-2023\/#breadcrumb"},"inLanguage":"es","potentialAction":[{"@type":"ReadAction","target":["https:\/\/nainaridigital.com\/index.php\/reciben-reconocimiento-como-ciudadana-y-ciudadano-distinguido-2023\/"]}]},{"@type":"ImageObject","inLanguage":"es","@id":"https:\/\/nainaridigital.com\/index.php\/reciben-reconocimiento-como-ciudadana-y-ciudadano-distinguido-2023\/#primaryimage","url":"https:\/\/nainaridigital.com\/wp-content\/uploads\/2023\/11\/WhatsApp-Image-2023-11-30-at-09.26.42.jpeg","contentUrl":"https:\/\/nainaridigital.com\/wp-content\/uploads\/2023\/11\/WhatsApp-Image-2023-11-30-at-09.26.42.jpeg","width":1600,"height":1066},{"@type":"BreadcrumbList","@id":"https:\/\/nainaridigital.com\/index.php\/reciben-reconocimiento-como-ciudadana-y-ciudadano-distinguido-2023\/#breadcrumb","itemListElement":[{"@type":"ListItem","position":1,"name":"Inicio","item":"https:\/\/nainaridigital.com\/"},{"@type":"ListItem","position":2,"name":"RECIBEN RECONOCIMIENTO COMO CIUDADANA Y CIUDADANO DISTINGUIDO 2023"}]},{"@type":"WebSite","@id":"https:\/\/nainaridigital.com\/#website","url":"https:\/\/nainaridigital.com\/","name":"nainari digital","description":"","publisher":{"@id":"https:\/\/nainaridigital.com\/#organization"},"potentialAction":[{"@type":"SearchAction","target":{"@type":"EntryPoint","urlTemplate":"https:\/\/nainaridigital.com\/?s={search_term_string}"},"query-input":{"@type":"PropertyValueSpecification","valueRequired":true,"valueName":"search_term_string"}}],"inLanguage":"es"},{"@type":"Organization","@id":"https:\/\/nainaridigital.com\/#organization","name":"nainari digital","url":"https:\/\/nainaridigital.com\/","logo":{"@type":"ImageObject","inLanguage":"es","@id":"https:\/\/nainaridigital.com\/#\/schema\/logo\/image\/","url":"https:\/\/nainaridigital.com\/wp-content\/uploads\/2020\/04\/cropped-logo.png","contentUrl":"https:\/\/nainaridigital.com\/wp-content\/uploads\/2020\/04\/cropped-logo.png","width":400,"height":160,"caption":"nainari digital"},"image":{"@id":"https:\/\/nainaridigital.com\/#\/schema\/logo\/image\/"}}]}},"_links":{"self":[{"href":"https:\/\/nainaridigital.com\/index.php\/wp-json\/wp\/v2\/pages\/5772","targetHints":{"allow":["GET"]}}],"collection":[{"href":"https:\/\/nainaridigital.com\/index.php\/wp-json\/wp\/v2\/pages"}],"about":[{"href":"https:\/\/nainaridigital.com\/index.php\/wp-json\/wp\/v2\/types\/page"}],"author":[{"embeddable":true,"href":"https:\/\/nainaridigital.com\/index.php\/wp-json\/wp\/v2\/users\/2"}],"replies":[{"embeddable":true,"href":"https:\/\/nainaridigital.com\/index.php\/wp-json\/wp\/v2\/comments?post=5772"}],"version-history":[{"count":1,"href":"https:\/\/nainaridigital.com\/index.php\/wp-json\/wp\/v2\/pages\/5772\/revisions"}],"predecessor-version":[{"id":5774,"href":"https:\/\/nainaridigital.com\/index.php\/wp-json\/wp\/v2\/pages\/5772\/revisions\/5774"}],"wp:featuredmedia":[{"embeddable":true,"href":"https:\/\/nainaridigital.com\/index.php\/wp-json\/wp\/v2\/media\/5773"}],"wp:attachment":[{"href":"https:\/\/nainaridigital.com\/index.php\/wp-json\/wp\/v2\/media?parent=5772"}],"curies":[{"name":"wp","href":"https:\/\/api.w.org\/{rel}","templated":true}]}}