{"id":5775,"date":"2023-11-30T10:51:39","date_gmt":"2023-11-30T17:51:39","guid":{"rendered":"https:\/\/nainaridigital.com\/?page_id=5775"},"modified":"2023-11-30T10:51:40","modified_gmt":"2023-11-30T17:51:40","slug":"policia-detiene-a-jovenes-por-robo","status":"publish","type":"page","link":"https:\/\/nainaridigital.com\/index.php\/policia-detiene-a-jovenes-por-robo\/","title":{"rendered":"POLIC\u00cdA  DETIENE A  J\u00d3VENES POR ROBO"},"content":{"rendered":"\n<p>Tres personas de sexo masculino fueron arrestadas por elementos de la Secretar\u00eda de Seguridad P\u00fablica Municipal en la colonia Estrellita por la presunta comisi\u00f3n del delito de robo a negocio.<\/p>\n\n\n\n<p>El arresto fue alrededor de las 14:50 horas del d\u00eda mi\u00e9rcoles, en la calle Venustiano Carranza y Primera donde en un barrido de vigilancia una persona se\u00f1al\u00f3 a los tres hombres manifestando que minutos atr\u00e1s hab\u00edan robado en su tienda abarrotes para despu\u00e9s huir.<\/p>\n\n\n\n<p>Los presuntos de nombre Cristian de Jes\u00fas \u201cN.\u201d, de 21 a\u00f1os, Diego Alberto \u201cN.\u201d, de 20 a\u00f1os y Luis Abgel \u201cN.\u201d, de 16 a\u00f1os, fueron interceptados y arrestados por los polic\u00edas, los cuales aseguraron diversos productos.<\/p>\n\n\n\n<p>Los individuos fueron trasladados al edificio de la Secretar\u00eda de Seguridad P\u00fablica Municipal para la realizaci\u00f3n del Informe Policial Homologado y fueron turnados a las instancias correspondientes conforme a la ley.<\/p>\n","protected":false},"excerpt":{"rendered":"<p>Tres personas de sexo masculino fueron arrestadas por elementos de la Secretar\u00eda de Seguridad P\u00fablica Municipal en la colonia Estrellita por la presunta comisi\u00f3n del delito de robo a negocio. El arresto fue alrededor de las 14:50 horas del d\u00eda <a href=\"https:\/\/nainaridigital.com\/index.php\/policia-detiene-a-jovenes-por-robo\/\"> Read more&#8230;<\/a><\/p>\n","protected":false},"author":2,"featured_media":5776,"parent":0,"menu_order":0,"comment_status":"closed","ping_status":"closed","template":"","meta":{"footnotes":""},"class_list":["post-5775","page","type-page","status-publish","has-post-thumbnail","hentry"],"yoast_head":"<!-- This site is optimized with the Yoast SEO plugin v27.2 - https:\/\/yoast.com\/product\/yoast-seo-wordpress\/ -->\n<title>POLIC\u00cdA DETIENE A J\u00d3VENES POR ROBO - nainari digital<\/title>\n<meta name=\"robots\" content=\"index, follow, max-snippet:-1, max-image-preview:large, max-video-preview:-1\" \/>\n<link rel=\"canonical\" href=\"https:\/\/nainaridigital.com\/index.php\/policia-detiene-a-jovenes-por-robo\/\" \/>\n<meta property=\"og:locale\" content=\"es_MX\" \/>\n<meta property=\"og:type\" content=\"article\" \/>\n<meta property=\"og:title\" content=\"POLIC\u00cdA DETIENE A J\u00d3VENES POR ROBO - nainari digital\" \/>\n<meta property=\"og:description\" content=\"Tres personas de sexo masculino fueron arrestadas por elementos de la Secretar\u00eda de Seguridad P\u00fablica Municipal en la colonia Estrellita por la presunta comisi\u00f3n del delito de robo a negocio. El arresto fue alrededor de las 14:50 horas del d\u00eda Read more&#8230;\" \/>\n<meta property=\"og:url\" content=\"https:\/\/nainaridigital.com\/index.php\/policia-detiene-a-jovenes-por-robo\/\" \/>\n<meta property=\"og:site_name\" content=\"nainari digital\" \/>\n<meta property=\"article:modified_time\" content=\"2023-11-30T17:51:40+00:00\" \/>\n<meta property=\"og:image\" content=\"https:\/\/nainaridigital.com\/wp-content\/uploads\/2023\/11\/WhatsApp-Image-2023-11-30-at-10.21.19.jpeg\" \/>\n\t<meta property=\"og:image:width\" content=\"1280\" \/>\n\t<meta property=\"og:image:height\" content=\"960\" \/>\n\t<meta property=\"og:image:type\" content=\"image\/jpeg\" \/>\n<meta name=\"twitter:card\" content=\"summary_large_image\" \/>\n<meta name=\"twitter:label1\" content=\"Tiempo de lectura\" \/>\n\t<meta name=\"twitter:data1\" content=\"1 minuto\" \/>\n<script type=\"application\/ld+json\" class=\"yoast-schema-graph\">{\"@context\":\"https:\/\/schema.org\",\"@graph\":[{\"@type\":\"WebPage\",\"@id\":\"https:\/\/nainaridigital.com\/index.php\/policia-detiene-a-jovenes-por-robo\/\",\"url\":\"https:\/\/nainaridigital.com\/index.php\/policia-detiene-a-jovenes-por-robo\/\",\"name\":\"POLIC\u00cdA DETIENE A J\u00d3VENES POR ROBO - nainari digital\",\"isPartOf\":{\"@id\":\"https:\/\/nainaridigital.com\/#website\"},\"primaryImageOfPage\":{\"@id\":\"https:\/\/nainaridigital.com\/index.php\/policia-detiene-a-jovenes-por-robo\/#primaryimage\"},\"image\":{\"@id\":\"https:\/\/nainaridigital.com\/index.php\/policia-detiene-a-jovenes-por-robo\/#primaryimage\"},\"thumbnailUrl\":\"https:\/\/nainaridigital.com\/wp-content\/uploads\/2023\/11\/WhatsApp-Image-2023-11-30-at-10.21.19.jpeg\",\"datePublished\":\"2023-11-30T17:51:39+00:00\",\"dateModified\":\"2023-11-30T17:51:40+00:00\",\"breadcrumb\":{\"@id\":\"https:\/\/nainaridigital.com\/index.php\/policia-detiene-a-jovenes-por-robo\/#breadcrumb\"},\"inLanguage\":\"es\",\"potentialAction\":[{\"@type\":\"ReadAction\",\"target\":[\"https:\/\/nainaridigital.com\/index.php\/policia-detiene-a-jovenes-por-robo\/\"]}]},{\"@type\":\"ImageObject\",\"inLanguage\":\"es\",\"@id\":\"https:\/\/nainaridigital.com\/index.php\/policia-detiene-a-jovenes-por-robo\/#primaryimage\",\"url\":\"https:\/\/nainaridigital.com\/wp-content\/uploads\/2023\/11\/WhatsApp-Image-2023-11-30-at-10.21.19.jpeg\",\"contentUrl\":\"https:\/\/nainaridigital.com\/wp-content\/uploads\/2023\/11\/WhatsApp-Image-2023-11-30-at-10.21.19.jpeg\",\"width\":1280,\"height\":960},{\"@type\":\"BreadcrumbList\",\"@id\":\"https:\/\/nainaridigital.com\/index.php\/policia-detiene-a-jovenes-por-robo\/#breadcrumb\",\"itemListElement\":[{\"@type\":\"ListItem\",\"position\":1,\"name\":\"Inicio\",\"item\":\"https:\/\/nainaridigital.com\/\"},{\"@type\":\"ListItem\",\"position\":2,\"name\":\"POLIC\u00cdA DETIENE A J\u00d3VENES POR ROBO\"}]},{\"@type\":\"WebSite\",\"@id\":\"https:\/\/nainaridigital.com\/#website\",\"url\":\"https:\/\/nainaridigital.com\/\",\"name\":\"nainari digital\",\"description\":\"\",\"publisher\":{\"@id\":\"https:\/\/nainaridigital.com\/#organization\"},\"potentialAction\":[{\"@type\":\"SearchAction\",\"target\":{\"@type\":\"EntryPoint\",\"urlTemplate\":\"https:\/\/nainaridigital.com\/?s={search_term_string}\"},\"query-input\":{\"@type\":\"PropertyValueSpecification\",\"valueRequired\":true,\"valueName\":\"search_term_string\"}}],\"inLanguage\":\"es\"},{\"@type\":\"Organization\",\"@id\":\"https:\/\/nainaridigital.com\/#organization\",\"name\":\"nainari digital\",\"url\":\"https:\/\/nainaridigital.com\/\",\"logo\":{\"@type\":\"ImageObject\",\"inLanguage\":\"es\",\"@id\":\"https:\/\/nainaridigital.com\/#\/schema\/logo\/image\/\",\"url\":\"https:\/\/nainaridigital.com\/wp-content\/uploads\/2020\/04\/cropped-logo.png\",\"contentUrl\":\"https:\/\/nainaridigital.com\/wp-content\/uploads\/2020\/04\/cropped-logo.png\",\"width\":400,\"height\":160,\"caption\":\"nainari digital\"},\"image\":{\"@id\":\"https:\/\/nainaridigital.com\/#\/schema\/logo\/image\/\"}}]}<\/script>\n<!-- \/ Yoast SEO plugin. -->","yoast_head_json":{"title":"POLIC\u00cdA DETIENE A J\u00d3VENES POR ROBO - nainari digital","robots":{"index":"index","follow":"follow","max-snippet":"max-snippet:-1","max-image-preview":"max-image-preview:large","max-video-preview":"max-video-preview:-1"},"canonical":"https:\/\/nainaridigital.com\/index.php\/policia-detiene-a-jovenes-por-robo\/","og_locale":"es_MX","og_type":"article","og_title":"POLIC\u00cdA DETIENE A J\u00d3VENES POR ROBO - nainari digital","og_description":"Tres personas de sexo masculino fueron arrestadas por elementos de la Secretar\u00eda de Seguridad P\u00fablica Municipal en la colonia Estrellita por la presunta comisi\u00f3n del delito de robo a negocio. El arresto fue alrededor de las 14:50 horas del d\u00eda Read more&#8230;","og_url":"https:\/\/nainaridigital.com\/index.php\/policia-detiene-a-jovenes-por-robo\/","og_site_name":"nainari digital","article_modified_time":"2023-11-30T17:51:40+00:00","og_image":[{"width":1280,"height":960,"url":"https:\/\/nainaridigital.com\/wp-content\/uploads\/2023\/11\/WhatsApp-Image-2023-11-30-at-10.21.19.jpeg","type":"image\/jpeg"}],"twitter_card":"summary_large_image","twitter_misc":{"Tiempo de lectura":"1 minuto"},"schema":{"@context":"https:\/\/schema.org","@graph":[{"@type":"WebPage","@id":"https:\/\/nainaridigital.com\/index.php\/policia-detiene-a-jovenes-por-robo\/","url":"https:\/\/nainaridigital.com\/index.php\/policia-detiene-a-jovenes-por-robo\/","name":"POLIC\u00cdA DETIENE A J\u00d3VENES POR ROBO - nainari digital","isPartOf":{"@id":"https:\/\/nainaridigital.com\/#website"},"primaryImageOfPage":{"@id":"https:\/\/nainaridigital.com\/index.php\/policia-detiene-a-jovenes-por-robo\/#primaryimage"},"image":{"@id":"https:\/\/nainaridigital.com\/index.php\/policia-detiene-a-jovenes-por-robo\/#primaryimage"},"thumbnailUrl":"https:\/\/nainaridigital.com\/wp-content\/uploads\/2023\/11\/WhatsApp-Image-2023-11-30-at-10.21.19.jpeg","datePublished":"2023-11-30T17:51:39+00:00","dateModified":"2023-11-30T17:51:40+00:00","breadcrumb":{"@id":"https:\/\/nainaridigital.com\/index.php\/policia-detiene-a-jovenes-por-robo\/#breadcrumb"},"inLanguage":"es","potentialAction":[{"@type":"ReadAction","target":["https:\/\/nainaridigital.com\/index.php\/policia-detiene-a-jovenes-por-robo\/"]}]},{"@type":"ImageObject","inLanguage":"es","@id":"https:\/\/nainaridigital.com\/index.php\/policia-detiene-a-jovenes-por-robo\/#primaryimage","url":"https:\/\/nainaridigital.com\/wp-content\/uploads\/2023\/11\/WhatsApp-Image-2023-11-30-at-10.21.19.jpeg","contentUrl":"https:\/\/nainaridigital.com\/wp-content\/uploads\/2023\/11\/WhatsApp-Image-2023-11-30-at-10.21.19.jpeg","width":1280,"height":960},{"@type":"BreadcrumbList","@id":"https:\/\/nainaridigital.com\/index.php\/policia-detiene-a-jovenes-por-robo\/#breadcrumb","itemListElement":[{"@type":"ListItem","position":1,"name":"Inicio","item":"https:\/\/nainaridigital.com\/"},{"@type":"ListItem","position":2,"name":"POLIC\u00cdA DETIENE A J\u00d3VENES POR ROBO"}]},{"@type":"WebSite","@id":"https:\/\/nainaridigital.com\/#website","url":"https:\/\/nainaridigital.com\/","name":"nainari digital","description":"","publisher":{"@id":"https:\/\/nainaridigital.com\/#organization"},"potentialAction":[{"@type":"SearchAction","target":{"@type":"EntryPoint","urlTemplate":"https:\/\/nainaridigital.com\/?s={search_term_string}"},"query-input":{"@type":"PropertyValueSpecification","valueRequired":true,"valueName":"search_term_string"}}],"inLanguage":"es"},{"@type":"Organization","@id":"https:\/\/nainaridigital.com\/#organization","name":"nainari digital","url":"https:\/\/nainaridigital.com\/","logo":{"@type":"ImageObject","inLanguage":"es","@id":"https:\/\/nainaridigital.com\/#\/schema\/logo\/image\/","url":"https:\/\/nainaridigital.com\/wp-content\/uploads\/2020\/04\/cropped-logo.png","contentUrl":"https:\/\/nainaridigital.com\/wp-content\/uploads\/2020\/04\/cropped-logo.png","width":400,"height":160,"caption":"nainari digital"},"image":{"@id":"https:\/\/nainaridigital.com\/#\/schema\/logo\/image\/"}}]}},"_links":{"self":[{"href":"https:\/\/nainaridigital.com\/index.php\/wp-json\/wp\/v2\/pages\/5775","targetHints":{"allow":["GET"]}}],"collection":[{"href":"https:\/\/nainaridigital.com\/index.php\/wp-json\/wp\/v2\/pages"}],"about":[{"href":"https:\/\/nainaridigital.com\/index.php\/wp-json\/wp\/v2\/types\/page"}],"author":[{"embeddable":true,"href":"https:\/\/nainaridigital.com\/index.php\/wp-json\/wp\/v2\/users\/2"}],"replies":[{"embeddable":true,"href":"https:\/\/nainaridigital.com\/index.php\/wp-json\/wp\/v2\/comments?post=5775"}],"version-history":[{"count":1,"href":"https:\/\/nainaridigital.com\/index.php\/wp-json\/wp\/v2\/pages\/5775\/revisions"}],"predecessor-version":[{"id":5777,"href":"https:\/\/nainaridigital.com\/index.php\/wp-json\/wp\/v2\/pages\/5775\/revisions\/5777"}],"wp:featuredmedia":[{"embeddable":true,"href":"https:\/\/nainaridigital.com\/index.php\/wp-json\/wp\/v2\/media\/5776"}],"wp:attachment":[{"href":"https:\/\/nainaridigital.com\/index.php\/wp-json\/wp\/v2\/media?parent=5775"}],"curies":[{"name":"wp","href":"https:\/\/api.w.org\/{rel}","templated":true}]}}